{"id":12997,"date":"2024-04-15T13:20:27","date_gmt":"2024-04-15T13:20:27","guid":{"rendered":"https:\/\/tecnoerem.com\/?page_id=12997"},"modified":"2024-04-15T13:20:27","modified_gmt":"2024-04-15T13:20:27","slug":"muhendislik-danismanligi","status":"publish","type":"page","link":"https:\/\/tecnoerem.com\/index.php\/muhendislik-danismanligi\/","title":{"rendered":"M\u00fchendislik dan\u0131\u015fmanl\u0131\u011f\u0131"},"content":{"rendered":"","protected":false},"excerpt":{"rendered":"","protected":false},"author":1,"featured_media":0,"parent":0,"menu_order":0,"comment_status":"closed","ping_status":"closed","template":"","meta":{"footnotes":""},"class_list":["post-12997","page","type-page","status-publish","hentry"],"_links":{"self":[{"href":"https:\/\/tecnoerem.com\/index.php\/wp-json\/wp\/v2\/pages\/12997","targetHints":{"allow":["GET"]}}],"collection":[{"href":"https:\/\/tecnoerem.com\/index.php\/wp-json\/wp\/v2\/pages"}],"about":[{"href":"https:\/\/tecnoerem.com\/index.php\/wp-json\/wp\/v2\/types\/page"}],"author":[{"embeddable":true,"href":"https:\/\/tecnoerem.com\/index.php\/wp-json\/wp\/v2\/users\/1"}],"replies":[{"embeddable":true,"href":"https:\/\/tecnoerem.com\/index.php\/wp-json\/wp\/v2\/comments?post=12997"}],"version-history":[{"count":1,"href":"https:\/\/tecnoerem.com\/index.php\/wp-json\/wp\/v2\/pages\/12997\/revisions"}],"predecessor-version":[{"id":13013,"href":"https:\/\/tecnoerem.com\/index.php\/wp-json\/wp\/v2\/pages\/12997\/revisions\/13013"}],"wp:attachment":[{"href":"https:\/\/tecnoerem.com\/index.php\/wp-json\/wp\/v2\/media?parent=12997"}],"curies":[{"name":"wp","href":"https:\/\/api.w.org\/{rel}","templated":true}]}}