{"id":591,"date":"2016-03-07T01:50:55","date_gmt":"2016-03-07T01:50:55","guid":{"rendered":"https:\/\/www.gavias-theme.com\/wp\/inusti\/?page_id=591"},"modified":"2016-03-07T01:50:55","modified_gmt":"2016-03-07T01:50:55","slug":"best-sellers","status":"publish","type":"page","link":"https:\/\/tecnoerem.com\/index.php\/best-sellers\/","title":{"rendered":"Best Sellers"},"content":{"rendered":"<div class=\"woocommerce columns-4 \"><div class=\"clearfix\"><\/div>\r\n<div class=\"products_wrapper grid-view\">\r\n\t<div class=\"products lg-block-grid-3 md-block-grid-3 sm-block-grid-2 xs-block-grid-1\">\r\n<div class=\"product-block product post-912 product type-product status-publish has-post-thumbnail product_cat-design first instock shipping-taxable product-type-grouped\">\r\n\t<div class=\"product-block-inner clearfix\">\r\n\t\t\r\n\t\t<div class=\"product-thumbnail\">\r\n\t\t \t<div class=\"product-thumbnail-inner\">\r\n          <div class=\"swap-thumbnail\"><a href=\"https:\/\/tecnoerem.com\/index.php\/urun\/bird-house-cuckoo-clock\/\"><img fetchpriority=\"high\" decoding=\"async\" width=\"300\" height=\"300\" src=\"https:\/\/tecnoerem.com\/wp-content\/uploads\/2016\/03\/product-2-300x300.jpg\" class=\"image-second\" alt=\"\" srcset=\"https:\/\/tecnoerem.com\/wp-content\/uploads\/2016\/03\/product-2-300x300.jpg 300w, https:\/\/tecnoerem.com\/wp-content\/uploads\/2016\/03\/product-2-180x180.jpg 180w, https:\/\/tecnoerem.com\/wp-content\/uploads\/2016\/03\/product-2-600x600.jpg 600w\" sizes=\"(max-width: 300px) 100vw, 300px\" \/><span class=\"attachment-shop_catalog\"><img decoding=\"async\" width=\"300\" height=\"300\" src=\"https:\/\/tecnoerem.com\/wp-content\/uploads\/2016\/03\/product-1-300x300.jpg\" class=\" wp-post-image\" alt=\"\" srcset=\"https:\/\/tecnoerem.com\/wp-content\/uploads\/2016\/03\/product-1-300x300.jpg 300w, https:\/\/tecnoerem.com\/wp-content\/uploads\/2016\/03\/product-1-180x180.jpg 180w, https:\/\/tecnoerem.com\/wp-content\/uploads\/2016\/03\/product-1-600x600.jpg 600w\" sizes=\"(max-width: 300px) 100vw, 300px\" \/><\/span><\/a><\/div>       <\/div>   \r\n         \r\n        <div class=\"shop-loop-actions \">\t\r\n\t\t\t\t  <div class=\"add-to-cart\">\r\n            <a href=\"https:\/\/tecnoerem.com\/index.php\/urun\/bird-house-cuckoo-clock\/\" data-quantity=\"1\" data-product_id=\"912\" data-product_sku=\"sp_01\" class=\"button  product_type_grouped ajax_add_to_cart\"> \u00dcr\u00fcnleri g\u00f6r\u00fcnt\u00fcle<\/a>          <\/div> \r\n          \r\n             \r\n    \r\n          <div class=\"quickview\">\r\n            <a href=\"javascript:void(0);\" data-product_id=\"912\" class=\"btn-quickview product_type_grouped\"><span class=\"far fa-eye\"><\/span><\/a>\r\n\t\t      <\/div>\r\n        <\/div>\r\n        <a class=\"overlay\" href=\"https:\/\/tecnoerem.com\/index.php\/urun\/bird-house-cuckoo-clock\/\"><\/a>\r\n\t\t<\/div>\r\n\r\n            \r\n\r\n      \t\t<div class=\"product-meta\">\r\n      <div class=\"clearfix\"><\/div>\r\n\t\t\t<div class=\"shop-loop-price\">\r\n        \r\n\t<span class=\"price\"><span class=\"woocommerce-Price-amount amount\"><span class=\"woocommerce-Price-currencySymbol\">&#8378;<\/span>500,00<\/span> &ndash; <span class=\"woocommerce-Price-amount amount\"><span class=\"woocommerce-Price-currencySymbol\">&#8378;<\/span>898,00<\/span><\/span>\r\n      <\/div>\r\n      <h3 class=\"shop-loop-title\"><a href=\"https:\/\/tecnoerem.com\/index.php\/urun\/bird-house-cuckoo-clock\/\">Bird House Cuckoo Clock<\/a><\/h3>\r\n\t\t\t\r\n\t\t\t<div class=\"shop-loop-after-title\">\t\r\n\t\t\t\t<div class=\"shop-loop-after\">\t\r\n\t\t\t\t\t\t\t\t\t<\/div>\r\n\t\t\t<\/div>\r\n\r\n\t\t<\/div>\r\n\t<\/div>\t\r\n<\/div>\r\n\r\n<div class=\"product-block product post-715 product type-product status-publish has-post-thumbnail product_cat-fashion product_tag-business product_tag-design product_tag-medical product_tag-startup  instock sale featured shipping-taxable purchasable product-type-simple\">\r\n\t<div class=\"product-block-inner clearfix\">\r\n\t\t\r\n\t\t<div class=\"product-thumbnail\">\r\n\t\t \t<div class=\"product-thumbnail-inner\">\r\n          <div class=\"swap-thumbnail\"><a href=\"https:\/\/tecnoerem.com\/index.php\/urun\/form-rocking-chair\/\"><img decoding=\"async\" width=\"300\" height=\"300\" src=\"https:\/\/tecnoerem.com\/wp-content\/uploads\/2016\/03\/product-4-300x300.jpg\" class=\"image-second\" alt=\"\" srcset=\"https:\/\/tecnoerem.com\/wp-content\/uploads\/2016\/03\/product-4-300x300.jpg 300w, https:\/\/tecnoerem.com\/wp-content\/uploads\/2016\/03\/product-4-180x180.jpg 180w, https:\/\/tecnoerem.com\/wp-content\/uploads\/2016\/03\/product-4-600x600.jpg 600w\" sizes=\"(max-width: 300px) 100vw, 300px\" \/><span class=\"attachment-shop_catalog\"><img loading=\"lazy\" decoding=\"async\" width=\"300\" height=\"300\" src=\"https:\/\/tecnoerem.com\/wp-content\/uploads\/2016\/03\/product-8-300x300.jpg\" class=\" wp-post-image\" alt=\"\" srcset=\"https:\/\/tecnoerem.com\/wp-content\/uploads\/2016\/03\/product-8-300x300.jpg 300w, https:\/\/tecnoerem.com\/wp-content\/uploads\/2016\/03\/product-8-180x180.jpg 180w, https:\/\/tecnoerem.com\/wp-content\/uploads\/2016\/03\/product-8-600x600.jpg 600w\" sizes=\"(max-width: 300px) 100vw, 300px\" \/><\/span><\/a><\/div><span class=\"onsale\">-11%<\/span>       <\/div>   \r\n         \r\n        <div class=\"shop-loop-actions \">\t\r\n\t\t\t\t  <div class=\"add-to-cart\">\r\n            <a href=\"?add-to-cart=715\" data-quantity=\"1\" data-product_id=\"715\" data-product_sku=\"sp_08\" class=\"button add_to_cart_button product_type_simple ajax_add_to_cart\"> Sepete Ekle<\/a>          <\/div> \r\n          \r\n             \r\n    \r\n          <div class=\"quickview\">\r\n            <a href=\"javascript:void(0);\" data-product_id=\"715\" class=\"btn-quickview product_type_simple\"><span class=\"far fa-eye\"><\/span><\/a>\r\n\t\t      <\/div>\r\n        <\/div>\r\n        <a class=\"overlay\" href=\"https:\/\/tecnoerem.com\/index.php\/urun\/form-rocking-chair\/\"><\/a>\r\n\t\t<\/div>\r\n\r\n            \r\n\r\n      \t\t<div class=\"product-meta\">\r\n      <div class=\"clearfix\"><\/div>\r\n\t\t\t<div class=\"shop-loop-price\">\r\n        \r\n\t<span class=\"price\"><del aria-hidden=\"true\"><span class=\"woocommerce-Price-amount amount\"><span class=\"woocommerce-Price-currencySymbol\">&#8378;<\/span>689,00<\/span><\/del> <ins><span class=\"woocommerce-Price-amount amount\"><span class=\"woocommerce-Price-currencySymbol\">&#8378;<\/span>610,00<\/span><\/ins><\/span>\r\n      <\/div>\r\n      <h3 class=\"shop-loop-title\"><a href=\"https:\/\/tecnoerem.com\/index.php\/urun\/form-rocking-chair\/\">Form Rocking Chair<\/a><\/h3>\r\n\t\t\t\r\n\t\t\t<div class=\"shop-loop-after-title\">\t\r\n\t\t\t\t<div class=\"shop-loop-after\">\t\r\n\t\t\t\t\t\t\t\t\t<\/div>\r\n\t\t\t<\/div>\r\n\r\n\t\t<\/div>\r\n\t<\/div>\t\r\n<\/div>\r\n\r\n<div class=\"product-block product post-718 product type-product status-publish has-post-thumbnail product_cat-technology product_tag-business product_tag-hear product_tag-project product_tag-technology  instock featured shipping-taxable purchasable product-type-simple\">\r\n\t<div class=\"product-block-inner clearfix\">\r\n\t\t\r\n\t\t<div class=\"product-thumbnail\">\r\n\t\t \t<div class=\"product-thumbnail-inner\">\r\n          <div class=\"swap-thumbnail\"><a href=\"https:\/\/tecnoerem.com\/index.php\/urun\/astor-slipper-chair\/\"><img loading=\"lazy\" decoding=\"async\" width=\"300\" height=\"300\" src=\"https:\/\/tecnoerem.com\/wp-content\/uploads\/2016\/03\/product-1-300x300.jpg\" class=\"image-second\" alt=\"\" srcset=\"https:\/\/tecnoerem.com\/wp-content\/uploads\/2016\/03\/product-1-300x300.jpg 300w, https:\/\/tecnoerem.com\/wp-content\/uploads\/2016\/03\/product-1-180x180.jpg 180w, https:\/\/tecnoerem.com\/wp-content\/uploads\/2016\/03\/product-1-600x600.jpg 600w\" sizes=\"(max-width: 300px) 100vw, 300px\" \/><span class=\"attachment-shop_catalog\"><img loading=\"lazy\" decoding=\"async\" width=\"300\" height=\"300\" src=\"https:\/\/tecnoerem.com\/wp-content\/uploads\/2016\/03\/product-5-300x300.jpg\" class=\" wp-post-image\" alt=\"\" srcset=\"https:\/\/tecnoerem.com\/wp-content\/uploads\/2016\/03\/product-5-300x300.jpg 300w, https:\/\/tecnoerem.com\/wp-content\/uploads\/2016\/03\/product-5-180x180.jpg 180w, https:\/\/tecnoerem.com\/wp-content\/uploads\/2016\/03\/product-5-600x600.jpg 600w\" sizes=\"(max-width: 300px) 100vw, 300px\" \/><\/span><\/a><\/div>       <\/div>   \r\n         \r\n        <div class=\"shop-loop-actions \">\t\r\n\t\t\t\t  <div class=\"add-to-cart\">\r\n            <a href=\"?add-to-cart=718\" data-quantity=\"1\" data-product_id=\"718\" data-product_sku=\"sp_05\" class=\"button add_to_cart_button product_type_simple ajax_add_to_cart\"> Sepete Ekle<\/a>          <\/div> \r\n          \r\n             \r\n    \r\n          <div class=\"quickview\">\r\n            <a href=\"javascript:void(0);\" data-product_id=\"718\" class=\"btn-quickview product_type_simple\"><span class=\"far fa-eye\"><\/span><\/a>\r\n\t\t      <\/div>\r\n        <\/div>\r\n        <a class=\"overlay\" href=\"https:\/\/tecnoerem.com\/index.php\/urun\/astor-slipper-chair\/\"><\/a>\r\n\t\t<\/div>\r\n\r\n            \r\n\r\n      \t\t<div class=\"product-meta\">\r\n      <div class=\"clearfix\"><\/div>\r\n\t\t\t<div class=\"shop-loop-price\">\r\n        \r\n\t<span class=\"price\"><span class=\"woocommerce-Price-amount amount\"><span class=\"woocommerce-Price-currencySymbol\">&#8378;<\/span>500,00<\/span><\/span>\r\n      <\/div>\r\n      <h3 class=\"shop-loop-title\"><a href=\"https:\/\/tecnoerem.com\/index.php\/urun\/astor-slipper-chair\/\">Astor Slipper Chair<\/a><\/h3>\r\n\t\t\t\r\n\t\t\t<div class=\"shop-loop-after-title\">\t\r\n\t\t\t\t<div class=\"shop-loop-after\">\t\r\n\t\t\t\t\t\t\t\t\t<\/div>\r\n\t\t\t<\/div>\r\n\r\n\t\t<\/div>\r\n\t<\/div>\t\r\n<\/div>\r\n\r\n<div class=\"product-block product post-719 product type-product status-publish has-post-thumbnail product_cat-technology product_tag-business product_tag-gallaxy product_tag-game product_tag-startup last instock shipping-taxable purchasable product-type-simple\">\r\n\t<div class=\"product-block-inner clearfix\">\r\n\t\t\r\n\t\t<div class=\"product-thumbnail\">\r\n\t\t \t<div class=\"product-thumbnail-inner\">\r\n          <div class=\"swap-thumbnail\"><a href=\"https:\/\/tecnoerem.com\/index.php\/urun\/aroma-diffuser-jasmine\/\"><img loading=\"lazy\" decoding=\"async\" width=\"300\" height=\"300\" src=\"https:\/\/tecnoerem.com\/wp-content\/uploads\/2016\/03\/product-1-300x300.jpg\" class=\"image-second\" alt=\"\" srcset=\"https:\/\/tecnoerem.com\/wp-content\/uploads\/2016\/03\/product-1-300x300.jpg 300w, https:\/\/tecnoerem.com\/wp-content\/uploads\/2016\/03\/product-1-180x180.jpg 180w, https:\/\/tecnoerem.com\/wp-content\/uploads\/2016\/03\/product-1-600x600.jpg 600w\" sizes=\"(max-width: 300px) 100vw, 300px\" \/><span class=\"attachment-shop_catalog\"><img loading=\"lazy\" decoding=\"async\" width=\"300\" height=\"300\" src=\"https:\/\/tecnoerem.com\/wp-content\/uploads\/2016\/03\/product-4-300x300.jpg\" class=\" wp-post-image\" alt=\"\" srcset=\"https:\/\/tecnoerem.com\/wp-content\/uploads\/2016\/03\/product-4-300x300.jpg 300w, https:\/\/tecnoerem.com\/wp-content\/uploads\/2016\/03\/product-4-180x180.jpg 180w, https:\/\/tecnoerem.com\/wp-content\/uploads\/2016\/03\/product-4-600x600.jpg 600w\" sizes=\"(max-width: 300px) 100vw, 300px\" \/><\/span><\/a><\/div>       <\/div>   \r\n         \r\n        <div class=\"shop-loop-actions \">\t\r\n\t\t\t\t  <div class=\"add-to-cart\">\r\n            <a href=\"?add-to-cart=719\" data-quantity=\"1\" data-product_id=\"719\" data-product_sku=\"sp_04\" class=\"button add_to_cart_button product_type_simple ajax_add_to_cart\"> Sepete Ekle<\/a>          <\/div> \r\n          \r\n             \r\n    \r\n          <div class=\"quickview\">\r\n            <a href=\"javascript:void(0);\" data-product_id=\"719\" class=\"btn-quickview product_type_simple\"><span class=\"far fa-eye\"><\/span><\/a>\r\n\t\t      <\/div>\r\n        <\/div>\r\n        <a class=\"overlay\" href=\"https:\/\/tecnoerem.com\/index.php\/urun\/aroma-diffuser-jasmine\/\"><\/a>\r\n\t\t<\/div>\r\n\r\n            \r\n\r\n      \t\t<div class=\"product-meta\">\r\n      <div class=\"clearfix\"><\/div>\r\n\t\t\t<div class=\"shop-loop-price\">\r\n        \r\n\t<span class=\"price\"><span class=\"woocommerce-Price-amount amount\"><span class=\"woocommerce-Price-currencySymbol\">&#8378;<\/span>500,00<\/span><\/span>\r\n      <\/div>\r\n      <h3 class=\"shop-loop-title\"><a href=\"https:\/\/tecnoerem.com\/index.php\/urun\/aroma-diffuser-jasmine\/\">Aroma Diffuser Jasmine<\/a><\/h3>\r\n\t\t\t\r\n\t\t\t<div class=\"shop-loop-after-title\">\t\r\n\t\t\t\t<div class=\"shop-loop-after\">\t\r\n\t\t\t\t\t\t\t\t\t<\/div>\r\n\t\t\t<\/div>\r\n\r\n\t\t<\/div>\r\n\t<\/div>\t\r\n<\/div>\r\n\r\n<div class=\"product-block product post-721 product type-product status-publish has-post-thumbnail product_cat-film-videos first instock sale featured shipping-taxable purchasable product-type-simple\">\r\n\t<div class=\"product-block-inner clearfix\">\r\n\t\t\r\n\t\t<div class=\"product-thumbnail\">\r\n\t\t \t<div class=\"product-thumbnail-inner\">\r\n          <div class=\"swap-thumbnail\"><a href=\"https:\/\/tecnoerem.com\/index.php\/urun\/antibes-dining-chair\/\"><img loading=\"lazy\" decoding=\"async\" width=\"300\" height=\"300\" src=\"https:\/\/tecnoerem.com\/wp-content\/uploads\/2016\/03\/product-1-300x300.jpg\" class=\"image-second\" alt=\"\" srcset=\"https:\/\/tecnoerem.com\/wp-content\/uploads\/2016\/03\/product-1-300x300.jpg 300w, https:\/\/tecnoerem.com\/wp-content\/uploads\/2016\/03\/product-1-180x180.jpg 180w, https:\/\/tecnoerem.com\/wp-content\/uploads\/2016\/03\/product-1-600x600.jpg 600w\" sizes=\"(max-width: 300px) 100vw, 300px\" \/><span class=\"attachment-shop_catalog\"><img loading=\"lazy\" decoding=\"async\" width=\"300\" height=\"300\" src=\"https:\/\/tecnoerem.com\/wp-content\/uploads\/2016\/03\/product-3-300x300.jpg\" class=\" wp-post-image\" alt=\"\" srcset=\"https:\/\/tecnoerem.com\/wp-content\/uploads\/2016\/03\/product-3-300x300.jpg 300w, https:\/\/tecnoerem.com\/wp-content\/uploads\/2016\/03\/product-3-180x180.jpg 180w, https:\/\/tecnoerem.com\/wp-content\/uploads\/2016\/03\/product-3-600x600.jpg 600w\" sizes=\"(max-width: 300px) 100vw, 300px\" \/><\/span><\/a><\/div><span class=\"onsale\">-13%<\/span>       <\/div>   \r\n         \r\n        <div class=\"shop-loop-actions \">\t\r\n\t\t\t\t  <div class=\"add-to-cart\">\r\n            <a href=\"?add-to-cart=721\" data-quantity=\"1\" data-product_id=\"721\" data-product_sku=\"sp_03\" class=\"button add_to_cart_button product_type_simple ajax_add_to_cart\"> Sepete Ekle<\/a>          <\/div> \r\n          \r\n             \r\n    \r\n          <div class=\"quickview\">\r\n            <a href=\"javascript:void(0);\" data-product_id=\"721\" class=\"btn-quickview product_type_simple\"><span class=\"far fa-eye\"><\/span><\/a>\r\n\t\t      <\/div>\r\n        <\/div>\r\n        <a class=\"overlay\" href=\"https:\/\/tecnoerem.com\/index.php\/urun\/antibes-dining-chair\/\"><\/a>\r\n\t\t<\/div>\r\n\r\n            \r\n\r\n      \t\t<div class=\"product-meta\">\r\n      <div class=\"clearfix\"><\/div>\r\n\t\t\t<div class=\"shop-loop-price\">\r\n        \r\n\t<span class=\"price\"><del aria-hidden=\"true\"><span class=\"woocommerce-Price-amount amount\"><span class=\"woocommerce-Price-currencySymbol\">&#8378;<\/span>688,00<\/span><\/del> <ins><span class=\"woocommerce-Price-amount amount\"><span class=\"woocommerce-Price-currencySymbol\">&#8378;<\/span>600,00<\/span><\/ins><\/span>\r\n      <\/div>\r\n      <h3 class=\"shop-loop-title\"><a href=\"https:\/\/tecnoerem.com\/index.php\/urun\/antibes-dining-chair\/\">Antibes dining chair<\/a><\/h3>\r\n\t\t\t\r\n\t\t\t<div class=\"shop-loop-after-title\">\t\r\n\t\t\t\t<div class=\"shop-loop-after\">\t\r\n\t\t\t\t\t\t\t\t\t<\/div>\r\n\t\t\t<\/div>\r\n\r\n\t\t<\/div>\r\n\t<\/div>\t\r\n<\/div>\r\n\r\n<div class=\"product-block product post-722 product type-product status-publish has-post-thumbnail product_cat-design product_tag-business product_tag-project product_tag-startup  instock shipping-taxable purchasable product-type-simple\">\r\n\t<div class=\"product-block-inner clearfix\">\r\n\t\t\r\n\t\t<div class=\"product-thumbnail\">\r\n\t\t \t<div class=\"product-thumbnail-inner\">\r\n          <div class=\"swap-thumbnail\"><a href=\"https:\/\/tecnoerem.com\/index.php\/urun\/aj-roman-wall-clock\/\"><img loading=\"lazy\" decoding=\"async\" width=\"300\" height=\"300\" src=\"https:\/\/tecnoerem.com\/wp-content\/uploads\/2016\/03\/product-1-300x300.jpg\" class=\"image-second\" alt=\"\" srcset=\"https:\/\/tecnoerem.com\/wp-content\/uploads\/2016\/03\/product-1-300x300.jpg 300w, https:\/\/tecnoerem.com\/wp-content\/uploads\/2016\/03\/product-1-180x180.jpg 180w, https:\/\/tecnoerem.com\/wp-content\/uploads\/2016\/03\/product-1-600x600.jpg 600w\" sizes=\"(max-width: 300px) 100vw, 300px\" \/><span class=\"attachment-shop_catalog\"><img loading=\"lazy\" decoding=\"async\" width=\"300\" height=\"300\" src=\"https:\/\/tecnoerem.com\/wp-content\/uploads\/2016\/03\/product-2-300x300.jpg\" class=\" wp-post-image\" alt=\"\" srcset=\"https:\/\/tecnoerem.com\/wp-content\/uploads\/2016\/03\/product-2-300x300.jpg 300w, https:\/\/tecnoerem.com\/wp-content\/uploads\/2016\/03\/product-2-180x180.jpg 180w, https:\/\/tecnoerem.com\/wp-content\/uploads\/2016\/03\/product-2-600x600.jpg 600w\" sizes=\"(max-width: 300px) 100vw, 300px\" \/><\/span><\/a><\/div>       <\/div>   \r\n         \r\n        <div class=\"shop-loop-actions \">\t\r\n\t\t\t\t  <div class=\"add-to-cart\">\r\n            <a href=\"?add-to-cart=722\" data-quantity=\"1\" data-product_id=\"722\" data-product_sku=\"sp_02\" class=\"button add_to_cart_button product_type_simple ajax_add_to_cart\"> Sepete Ekle<\/a>          <\/div> \r\n          \r\n             \r\n    \r\n          <div class=\"quickview\">\r\n            <a href=\"javascript:void(0);\" data-product_id=\"722\" class=\"btn-quickview product_type_simple\"><span class=\"far fa-eye\"><\/span><\/a>\r\n\t\t      <\/div>\r\n        <\/div>\r\n        <a class=\"overlay\" href=\"https:\/\/tecnoerem.com\/index.php\/urun\/aj-roman-wall-clock\/\"><\/a>\r\n\t\t<\/div>\r\n\r\n            \r\n\r\n      \t\t<div class=\"product-meta\">\r\n      <div class=\"clearfix\"><\/div>\r\n\t\t\t<div class=\"shop-loop-price\">\r\n        \r\n\t<span class=\"price\"><span class=\"woocommerce-Price-amount amount\"><span class=\"woocommerce-Price-currencySymbol\">&#8378;<\/span>898,00<\/span><\/span>\r\n      <\/div>\r\n      <h3 class=\"shop-loop-title\"><a href=\"https:\/\/tecnoerem.com\/index.php\/urun\/aj-roman-wall-clock\/\">AJ Roman Wall Clock<\/a><\/h3>\r\n\t\t\t\r\n\t\t\t<div class=\"shop-loop-after-title\">\t\r\n\t\t\t\t<div class=\"shop-loop-after\">\t\r\n\t\t\t\t\t\t\t\t\t<\/div>\r\n\t\t\t<\/div>\r\n\r\n\t\t<\/div>\r\n\t<\/div>\t\r\n<\/div>\r\n\r\n<div class=\"product-block product post-717 product type-product status-publish has-post-thumbnail product_cat-design product_tag-design product_tag-startup product_tag-technology product_tag-video  instock featured shipping-taxable purchasable product-type-simple\">\r\n\t<div class=\"product-block-inner clearfix\">\r\n\t\t\r\n\t\t<div class=\"product-thumbnail\">\r\n\t\t \t<div class=\"product-thumbnail-inner\">\r\n          <div class=\"swap-thumbnail\"><a href=\"https:\/\/tecnoerem.com\/index.php\/urun\/malachite-carnaby-mug\/\"><img fetchpriority=\"high\" decoding=\"async\" width=\"300\" height=\"300\" src=\"https:\/\/tecnoerem.com\/wp-content\/uploads\/2016\/03\/product-2-300x300.jpg\" class=\"image-second\" alt=\"\" srcset=\"https:\/\/tecnoerem.com\/wp-content\/uploads\/2016\/03\/product-2-300x300.jpg 300w, https:\/\/tecnoerem.com\/wp-content\/uploads\/2016\/03\/product-2-180x180.jpg 180w, https:\/\/tecnoerem.com\/wp-content\/uploads\/2016\/03\/product-2-600x600.jpg 600w\" sizes=\"(max-width: 300px) 100vw, 300px\" \/><span class=\"attachment-shop_catalog\"><img loading=\"lazy\" decoding=\"async\" width=\"300\" height=\"300\" src=\"https:\/\/tecnoerem.com\/wp-content\/uploads\/2016\/03\/product-6-300x300.jpg\" class=\" wp-post-image\" alt=\"\" srcset=\"https:\/\/tecnoerem.com\/wp-content\/uploads\/2016\/03\/product-6-300x300.jpg 300w, https:\/\/tecnoerem.com\/wp-content\/uploads\/2016\/03\/product-6-180x180.jpg 180w, https:\/\/tecnoerem.com\/wp-content\/uploads\/2016\/03\/product-6-600x600.jpg 600w\" sizes=\"(max-width: 300px) 100vw, 300px\" \/><\/span><\/a><\/div>       <\/div>   \r\n         \r\n        <div class=\"shop-loop-actions \">\t\r\n\t\t\t\t  <div class=\"add-to-cart\">\r\n            <a href=\"?add-to-cart=717\" data-quantity=\"1\" data-product_id=\"717\" data-product_sku=\"sp_06\" class=\"button add_to_cart_button product_type_simple ajax_add_to_cart\"> Sepete Ekle<\/a>          <\/div> \r\n          \r\n             \r\n    \r\n          <div class=\"quickview\">\r\n            <a href=\"javascript:void(0);\" data-product_id=\"717\" class=\"btn-quickview product_type_simple\"><span class=\"far fa-eye\"><\/span><\/a>\r\n\t\t      <\/div>\r\n        <\/div>\r\n        <a class=\"overlay\" href=\"https:\/\/tecnoerem.com\/index.php\/urun\/malachite-carnaby-mug\/\"><\/a>\r\n\t\t<\/div>\r\n\r\n            \r\n\r\n      \t\t<div class=\"product-meta\">\r\n      <div class=\"clearfix\"><\/div>\r\n\t\t\t<div class=\"shop-loop-price\">\r\n        \r\n\t<span class=\"price\"><span class=\"woocommerce-Price-amount amount\"><span class=\"woocommerce-Price-currencySymbol\">&#8378;<\/span>689,00<\/span><\/span>\r\n      <\/div>\r\n      <h3 class=\"shop-loop-title\"><a href=\"https:\/\/tecnoerem.com\/index.php\/urun\/malachite-carnaby-mug\/\">Malachite Carnaby Mug<\/a><\/h3>\r\n\t\t\t\r\n\t\t\t<div class=\"shop-loop-after-title\">\t\r\n\t\t\t\t<div class=\"shop-loop-after\">\t\r\n\t\t\t\t\t\t\t\t\t<\/div>\r\n\t\t\t<\/div>\r\n\r\n\t\t<\/div>\r\n\t<\/div>\t\r\n<\/div>\r\n\r\n<div class=\"product-block product post-708 product type-product status-publish has-post-thumbnail product_cat-fashion product_tag-business product_tag-project product_tag-startup last instock shipping-taxable product-type-simple\">\r\n\t<div class=\"product-block-inner clearfix\">\r\n\t\t\r\n\t\t<div class=\"product-thumbnail\">\r\n\t\t \t<div class=\"product-thumbnail-inner\">\r\n          <div class=\"swap-thumbnail\"><a href=\"https:\/\/tecnoerem.com\/index.php\/urun\/rar-rocking-arm-chair\/\"><img loading=\"lazy\" decoding=\"async\" width=\"300\" height=\"300\" src=\"https:\/\/tecnoerem.com\/wp-content\/uploads\/2016\/03\/product-3-300x300.jpg\" class=\"image-second\" alt=\"\" srcset=\"https:\/\/tecnoerem.com\/wp-content\/uploads\/2016\/03\/product-3-300x300.jpg 300w, https:\/\/tecnoerem.com\/wp-content\/uploads\/2016\/03\/product-3-180x180.jpg 180w, https:\/\/tecnoerem.com\/wp-content\/uploads\/2016\/03\/product-3-600x600.jpg 600w\" sizes=\"(max-width: 300px) 100vw, 300px\" \/><span class=\"attachment-shop_catalog\"><img loading=\"lazy\" decoding=\"async\" width=\"300\" height=\"300\" src=\"https:\/\/tecnoerem.com\/wp-content\/uploads\/2016\/03\/product-9-300x300.jpg\" class=\" wp-post-image\" alt=\"\" srcset=\"https:\/\/tecnoerem.com\/wp-content\/uploads\/2016\/03\/product-9-300x300.jpg 300w, https:\/\/tecnoerem.com\/wp-content\/uploads\/2016\/03\/product-9-180x180.jpg 180w, https:\/\/tecnoerem.com\/wp-content\/uploads\/2016\/03\/product-9-600x600.jpg 600w\" sizes=\"(max-width: 300px) 100vw, 300px\" \/><\/span><\/a><\/div>       <\/div>   \r\n         \r\n        <div class=\"shop-loop-actions \">\t\r\n\t\t\t\t  <div class=\"add-to-cart\">\r\n            <a href=\"https:\/\/tecnoerem.com\/index.php\/urun\/rar-rocking-arm-chair\/\" data-quantity=\"1\" data-product_id=\"708\" data-product_sku=\"sp_09\" class=\"button  product_type_simple ajax_add_to_cart\"> Devam\u0131n\u0131 oku<\/a>          <\/div> \r\n          \r\n             \r\n    \r\n          <div class=\"quickview\">\r\n            <a href=\"javascript:void(0);\" data-product_id=\"708\" class=\"btn-quickview product_type_simple\"><span class=\"far fa-eye\"><\/span><\/a>\r\n\t\t      <\/div>\r\n        <\/div>\r\n        <a class=\"overlay\" href=\"https:\/\/tecnoerem.com\/index.php\/urun\/rar-rocking-arm-chair\/\"><\/a>\r\n\t\t<\/div>\r\n\r\n            \r\n\r\n      \t\t<div class=\"product-meta\">\r\n      <div class=\"clearfix\"><\/div>\r\n\t\t\t<div class=\"shop-loop-price\">\r\n        \r\n      <\/div>\r\n      <h3 class=\"shop-loop-title\"><a href=\"https:\/\/tecnoerem.com\/index.php\/urun\/rar-rocking-arm-chair\/\">RAR Rocking Arm chair<\/a><\/h3>\r\n\t\t\t\r\n\t\t\t<div class=\"shop-loop-after-title\">\t\r\n\t\t\t\t<div class=\"shop-loop-after\">\t\r\n\t\t\t\t\t\t\t\t\t<\/div>\r\n\t\t\t<\/div>\r\n\r\n\t\t<\/div>\r\n\t<\/div>\t\r\n<\/div>\r\n\t<\/div>\r\n<\/div><\/div>\n","protected":false},"excerpt":{"rendered":"","protected":false},"author":1,"featured_media":0,"parent":0,"menu_order":0,"comment_status":"closed","ping_status":"closed","template":"","meta":{"footnotes":""},"class_list":["post-591","page","type-page","status-publish","hentry"],"_links":{"self":[{"href":"https:\/\/tecnoerem.com\/index.php\/wp-json\/wp\/v2\/pages\/591","targetHints":{"allow":["GET"]}}],"collection":[{"href":"https:\/\/tecnoerem.com\/index.php\/wp-json\/wp\/v2\/pages"}],"about":[{"href":"https:\/\/tecnoerem.com\/index.php\/wp-json\/wp\/v2\/types\/page"}],"author":[{"embeddable":true,"href":"https:\/\/tecnoerem.com\/index.php\/wp-json\/wp\/v2\/users\/1"}],"replies":[{"embeddable":true,"href":"https:\/\/tecnoerem.com\/index.php\/wp-json\/wp\/v2\/comments?post=591"}],"version-history":[{"count":0,"href":"https:\/\/tecnoerem.com\/index.php\/wp-json\/wp\/v2\/pages\/591\/revisions"}],"wp:attachment":[{"href":"https:\/\/tecnoerem.com\/index.php\/wp-json\/wp\/v2\/media?parent=591"}],"curies":[{"name":"wp","href":"https:\/\/api.w.org\/{rel}","templated":true}]}}